{"id":1515,"date":"2021-05-07T12:50:38","date_gmt":"2021-05-07T10:50:38","guid":{"rendered":"http:\/\/uwe-jonas-muenchen.com\/?page_id=1515"},"modified":"2024-05-21T00:10:17","modified_gmt":"2024-05-20T22:10:17","slug":"biografie","status":"publish","type":"page","link":"https:\/\/uwejonas.de\/en\/biografie\/","title":{"rendered":"Biography"},"content":{"rendered":"<div id=\"fws_69d4457a1a874\"  data-column-margin=\"default\" data-midnight=\"dark\"  class=\"wpb_row vc_row-fluid vc_row standard_section\"  style=\"padding-top: 0px; padding-bottom: 0px; \"><div class=\"row-bg-wrap\" data-bg-animation=\"none\" data-bg-overlay=\"false\"><div class=\"inner-wrap\"><div class=\"row-bg\"  style=\"\"><\/div><\/div><div class=\"row-bg-overlay\" ><\/div><\/div><div class=\"row_col_wrap_12 col span_12 dark left\">\n\t<div  class=\"vc_col-sm-12 wpb_column column_container vc_column_container col no-extra-padding inherit_tablet inherit_phone\"  data-t-w-inherits=\"default\" data-bg-cover=\"\" data-padding-pos=\"all\" data-has-bg-color=\"false\" data-bg-color=\"\" data-bg-opacity=\"1\" data-hover-bg=\"\" data-hover-bg-opacity=\"1\" data-animation=\"\" data-delay=\"0\" >\n\t\t<div class=\"vc_column-inner\" ><div class=\"column-bg-overlay-wrap\" data-bg-animation=\"none\"><div class=\"column-bg-overlay\"><\/div><\/div>\n\t\t\t<div class=\"wpb_wrapper\">\n\t\t\t\t<div class=\"divider-wrap\" data-alignment=\"default\"><div style=\"height: 15px;\" class=\"divider\"><\/div><\/div>\r\n<div class=\"wpb_text_column wpb_content_element\" >\r\n\t<div class=\"wpb_wrapper\">\r\n\t\t<p><span style=\"font-family: helvetica; font-size: 14pt; color: #333333;\">Biography<\/span><\/p>\n\t<\/div>\r\n<\/div>\r\n\r\n\r\n\r\n<div class=\"divider-wrap\" data-alignment=\"default\"><div style=\"height: 50px;\" class=\"divider\"><\/div><\/div>\n\t\t\t<\/div> \n\t\t<\/div>\n\t<\/div> \n<\/div><\/div>\n\t\t<div id=\"fws_69d4457a1af5e\"  data-br=\"5px\" data-br-applies=\"bg\" data-column-margin=\"default\" data-midnight=\"dark\"  class=\"wpb_row vc_row-fluid vc_row standard_section\"  style=\"padding-top: 0px; padding-bottom: 0px; \"><div class=\"row-bg-wrap\" data-bg-animation=\"none\" data-bg-overlay=\"false\"><div class=\"inner-wrap\"><div class=\"row-bg using-bg-color\"  style=\"background-color: #efefef; \"><\/div><\/div><div class=\"row-bg-overlay\" ><\/div><\/div><div class=\"row_col_wrap_12 col span_12 dark left\">\n\t<div  class=\"vc_col-sm-2 wpb_column column_container vc_column_container col no-extra-padding inherit_tablet inherit_phone\"  data-t-w-inherits=\"default\" data-bg-cover=\"\" data-padding-pos=\"all\" data-has-bg-color=\"false\" data-bg-color=\"\" data-bg-opacity=\"1\" data-hover-bg=\"\" data-hover-bg-opacity=\"1\" data-animation=\"\" data-delay=\"0\" >\n\t\t<div class=\"vc_column-inner\" ><div class=\"column-bg-overlay-wrap\" data-bg-animation=\"none\"><div class=\"column-bg-overlay\"><\/div><\/div>\n\t\t\t<div class=\"wpb_wrapper\">\n\t\t\t\t\n\t\t\t<\/div> \n\t\t<\/div>\n\t<\/div> \n\n\t<div  class=\"vc_col-sm-8 wpb_column column_container vc_column_container col no-extra-padding inherit_tablet padding-1-percent_phone\"  data-t-w-inherits=\"default\" data-bg-cover=\"\" data-padding-pos=\"all\" data-has-bg-color=\"false\" data-bg-color=\"\" data-bg-opacity=\"1\" data-hover-bg=\"\" data-hover-bg-opacity=\"1\" data-animation=\"\" data-delay=\"0\" >\n\t\t<div class=\"vc_column-inner\" ><div class=\"column-bg-overlay-wrap\" data-bg-animation=\"none\"><div class=\"column-bg-overlay\"><\/div><\/div>\n\t\t\t<div class=\"wpb_wrapper\">\n\t\t\t\t<div class=\"divider-wrap\" data-alignment=\"default\"><div style=\"height: 61px;\" class=\"divider\"><\/div><\/div><div id=\"fws_69d4457a1b693\" data-midnight=\"\" data-column-margin=\"default\" class=\"wpb_row vc_row-fluid vc_row inner_row standard_section\"  style=\"padding-top: 0px; padding-bottom: 0px; \"><div class=\"row-bg-wrap\"> <div class=\"row-bg\" ><\/div> <\/div><div class=\"row_col_wrap_12_inner col span_12  left\">\n\t<div  class=\"vc_col-sm-4 wpb_column column_container vc_column_container col child_column padding-10-percent inherit_tablet inherit_phone\"   data-t-w-inherits=\"default\" data-bg-cover=\"\" data-padding-pos=\"right\" data-has-bg-color=\"false\" data-bg-color=\"\" data-bg-opacity=\"1\" data-hover-bg=\"\" data-hover-bg-opacity=\"1\" data-animation=\"\" data-delay=\"0\">\n\t\t<div class=\"vc_column-inner\" ><div class=\"column-bg-overlay-wrap\" data-bg-animation=\"none\"><div class=\"column-bg-overlay\"><\/div><\/div>\n\t\t<div class=\"wpb_wrapper\">\n\t\t\t<div class=\"img-with-aniamtion-wrap\" data-max-width=\"100%\" data-max-width-mobile=\"default\" data-border-radius=\"none\" data-shadow=\"none\" data-animation=\"fade-in\" >\r\n      <div class=\"inner\">\r\n        <div class=\"hover-wrap\" data-hover-animation=\"none\"> \r\n          <div class=\"hover-wrap-inner\">\r\n            <img loading=\"lazy\" decoding=\"async\" class=\"img-with-animation skip-lazy\" data-delay=\"0\" height=\"1680\" width=\"1680\" data-animation=\"fade-in\" src=\"https:\/\/uwejonas.de\/wp-content\/uploads\/2022\/03\/1.portrait.jpg\" alt=\"\" srcset=\"https:\/\/uwejonas.de\/wp-content\/uploads\/2022\/03\/1.portrait.jpg 1680w, https:\/\/uwejonas.de\/wp-content\/uploads\/2022\/03\/1.portrait-300x300.jpg 300w, https:\/\/uwejonas.de\/wp-content\/uploads\/2022\/03\/1.portrait-1024x1024.jpg 1024w, https:\/\/uwejonas.de\/wp-content\/uploads\/2022\/03\/1.portrait-150x150.jpg 150w, https:\/\/uwejonas.de\/wp-content\/uploads\/2022\/03\/1.portrait-768x768.jpg 768w, https:\/\/uwejonas.de\/wp-content\/uploads\/2022\/03\/1.portrait-1536x1536.jpg 1536w, https:\/\/uwejonas.de\/wp-content\/uploads\/2022\/03\/1.portrait-12x12.jpg 12w, https:\/\/uwejonas.de\/wp-content\/uploads\/2022\/03\/1.portrait-100x100.jpg 100w, https:\/\/uwejonas.de\/wp-content\/uploads\/2022\/03\/1.portrait-140x140.jpg 140w, https:\/\/uwejonas.de\/wp-content\/uploads\/2022\/03\/1.portrait-500x500.jpg 500w, https:\/\/uwejonas.de\/wp-content\/uploads\/2022\/03\/1.portrait-350x350.jpg 350w, https:\/\/uwejonas.de\/wp-content\/uploads\/2022\/03\/1.portrait-1000x1000.jpg 1000w, https:\/\/uwejonas.de\/wp-content\/uploads\/2022\/03\/1.portrait-800x800.jpg 800w\" sizes=\"auto, (min-width: 1450px) 75vw, (min-width: 1000px) 85vw, 100vw\" \/>\r\n          <\/div>\r\n        <\/div>\r\n      <\/div>\r\n    <\/div><div class=\"divider-wrap\" data-alignment=\"default\"><div style=\"height: 61px;\" class=\"divider\"><\/div><\/div>\n\t\t<\/div> \n\t<\/div>\n\t<\/div> \n\n\t<div  class=\"vc_col-sm-4 wpb_column column_container vc_column_container col child_column no-extra-padding inherit_tablet inherit_phone\"   data-t-w-inherits=\"default\" data-bg-cover=\"\" data-padding-pos=\"all\" data-has-bg-color=\"false\" data-bg-color=\"\" data-bg-opacity=\"1\" data-hover-bg=\"\" data-hover-bg-opacity=\"1\" data-animation=\"\" data-delay=\"0\">\n\t\t<div class=\"vc_column-inner\" ><div class=\"column-bg-overlay-wrap\" data-bg-animation=\"none\"><div class=\"column-bg-overlay\"><\/div><\/div>\n\t\t<div class=\"wpb_wrapper\">\n\t\t\t\n\t\t<\/div> \n\t<\/div>\n\t<\/div> \n\n\t<div  class=\"vc_col-sm-4 wpb_column column_container vc_column_container col child_column no-extra-padding inherit_tablet inherit_phone\"   data-t-w-inherits=\"default\" data-bg-cover=\"\" data-padding-pos=\"all\" data-has-bg-color=\"false\" data-bg-color=\"\" data-bg-opacity=\"1\" data-hover-bg=\"\" data-hover-bg-opacity=\"1\" data-animation=\"\" data-delay=\"0\">\n\t\t<div class=\"vc_column-inner\" ><div class=\"column-bg-overlay-wrap\" data-bg-animation=\"none\"><div class=\"column-bg-overlay\"><\/div><\/div>\n\t\t<div class=\"wpb_wrapper\">\n\t\t\t\n\t\t<\/div> \n\t<\/div>\n\t<\/div> \n<\/div><\/div>\r\n<div class=\"wpb_text_column wpb_content_element\" >\r\n\t<div class=\"wpb_wrapper\">\r\n\t\t<p><span style=\"font-family: helvetica;\"><strong>Visiting lectures and Study<\/strong><\/span><\/p>\n<p><span style=\"font-family: helvetica;\">2017 \u00a0\u00a0 <span style=\"font-size: 12pt;\">Lecture at Arts Acre Foundation, India<\/span><\/span><br \/>\n<span style=\"font-family: helvetica;\">2012 \u00a0\u00a0 <span style=\"font-size: 12pt;\">Lecture at Sungshin Women\u00b4s University, Korea<\/span><\/span><br \/>\n<span style=\"font-family: helvetica;\">2011 \u00a0\u00a0 <span style=\"font-size: 12pt;\">Lecture at Illinois Sate University, Normal, USA<\/span><\/span><br \/>\n<span style=\"font-family: helvetica;\">2008 \u00a0\u00a0 <span style=\"font-size: 12pt;\">Lectures at Silpakorn University, Thailand,\nHong-Ik University, Seoul, Korea<\/span><\/span><br \/>\n<span style=\"font-family: helvetica;\">2005 \u00a0\u00a0 <span style=\"font-size: 12pt;\">Lectures at Chugye University and Hong-Ik University, Seoul, Korea<\/span><\/span><br \/>\n<span style=\"font-family: helvetica;\">1997 \u00a0\u00a0 <span style=\"font-size: 12pt;\">Academy of Fine Arts, Munich,\nMaster Student and Diploma<\/span><\/span><\/p>\n\t<\/div>\r\n<\/div>\r\n\r\n\r\n\r\n\r\n<div class=\"wpb_text_column wpb_content_element\" >\r\n\t<div class=\"wpb_wrapper\">\r\n\t\t<p><span style=\"font-family: helvetica;\">1966 \u00a0\u00a0 <span style=\"font-size: 12pt;\">Born in Hannover, Germany<\/span><\/span><\/p>\n\t<\/div>\r\n<\/div>\r\n\r\n\r\n\r\n\r\n<div class=\"wpb_text_column wpb_content_element\" >\r\n\t<div class=\"wpb_wrapper\">\r\n\t\t<p>&nbsp;<\/p>\n<p><span style=\"font-family: helvetica;\"><strong>Scholarships and Grants<\/strong><\/span><\/p>\n<p><span style=\"font-family: helvetica;\">2012 \u00a0\u00a0 <span style=\"font-size: 12pt;\">Grant Erwin u. Gisela von Steiner Foundation, Munich<\/span><\/span><br \/>\n<span style=\"font-family: helvetica;\">2011 \u00a0\u00a0 <span style=\"font-size: 12pt;\">Artist in Residence, Illinois State University<\/span><\/span><br \/>\n<span style=\"font-family: helvetica;\">2009 \u00a0\u00a0 <span style=\"font-size: 12pt;\">Golart Foundation, Munich<\/span><\/span><br \/>\n<span style=\"font-family: helvetica;\">2008 \u00a0\u00a0 <span style=\"font-size: 12pt;\">Artist in Residence, Silpakorn University, Thailand<\/span><\/span><br \/>\n<span style=\"font-family: helvetica;\">2006 \u00a0\u00a0 <span style=\"font-size: 12pt;\">Artist in Residence, Virginia Center for the Creative Arts, USA<\/span><\/span><br \/>\n<span style=\"font-family: helvetica;\">2004 \u00a0\u00a0 <span style=\"font-size: 12pt;\">Bavarian Studio Support Program for Visual Artists<\/span><\/span><\/p>\n\t<\/div>\r\n<\/div>\r\n\r\n\r\n\r\n\r\n<div class=\"wpb_text_column wpb_content_element\" >\r\n\t<div class=\"wpb_wrapper\">\r\n\t\t<p><span style=\"font-family: helvetica; font-size: 16px;\">2003 \u00a0\u00a0 Projektstipendium der Erwin u. Gisela v. Steiner Stiftung, M\u00fcnchen<\/span><br \/>\n<span style=\"font-family: helvetica; font-size: 16px;\">1990 \u00a0\u00a0 Begabtenf\u00f6rderung des Ministeriums f\u00fcr Bildung und Wissenschaft, Bonn<\/span><\/p>\n\t<\/div>\r\n<\/div>\r\n\r\n\r\n\r\n\r\n<div class=\"wpb_text_column wpb_content_element\" >\r\n\t<div class=\"wpb_wrapper\">\r\n\t\t<p>&nbsp;<\/p>\n<p><span style=\"font-family: helvetica;\"><strong>Solo Exhibitions<\/strong><\/span><\/p>\n<p>&nbsp;<\/p>\n<p><span style=\"font-family: helvetica;\">2024 \u00a0\u00a0 <span style=\"font-size: 12pt;\">Naeil Art Gallery, Artfield Gallery, Seoul, Korea<\/span><\/span><br \/>\n<span style=\"font-family: helvetica;\">2020 \u00a0\u00a0 <span style=\"font-size: 12pt;\">World line: The Toilet-House, Munich<\/span><\/span><br \/>\n<span style=\"font-family: helvetica;\">2019 \u00a0\u00a0 <span style=\"font-size: 12pt;\">arToxin Gallery, Munich<\/span><\/span><br \/>\n<span style=\"font-family: helvetica;\">2014 \u00a0\u00a0 <span style=\"font-size: 12pt;\">Ars &amp; Vita, Munich<\/span><\/span><br \/>\n<span style=\"font-family: helvetica;\">2013 \u00a0\u00a0 <span style=\"font-size: 12pt;\">Gallery of the Dachau Artists' Association, apartment of art, Munich<\/span><\/span><br \/>\n<span style=\"font-family: helvetica;\">2012 \u00a0\u00a0 <span style=\"font-size: 12pt;\">Gowoon Gallery, Changwon, Lio-Gallery, Paju-si, Incheon Art Fair, Korea<\/span><\/span><br \/>\n<span style=\"font-family: helvetica;\">2011 \u00a0\u00a0 <span style=\"font-size: 12pt;\">University Galleries, Illinois State University, USA, M\u00fcller and Petzinna Gallery, L\u00fcbeck<\/span><\/span><\/p>\n\t<\/div>\r\n<\/div>\r\n\r\n\r\n\r\n\r\n<div class=\"wpb_text_column wpb_content_element\" >\r\n\t<div class=\"wpb_wrapper\">\r\n\t\t<p><span style=\"font-family: helvetica; font-size: 16px;\">2010 \u00a0\u00a0 Erl\u00f6serkirche, M\u00fcnchen<\/span><br \/>\n<span style=\"font-family: helvetica; font-size: 16px;\">2009 \u00a0\u00a0 Georg Meistermann-Museum, Wittlich, Galerie Ewald Karl Schrade, Ehingen<\/span><br \/>\n<span style=\"font-family: helvetica; font-size: 16px;\">2008 \u00a0\u00a0 Silpakorn University, Thailand, Lio-Gallery, Paju-si, Korea, Konrin Gallery, Tokyo, Japan<\/span><br \/>\n<span style=\"font-family: helvetica; font-size: 16px;\">2006 \u00a0\u00a0 Eon Energie, M\u00fcnchen, Galerie Renate Bender, M\u00fcnchen, M\u00fcnchen<\/span><br \/>\n<span style=\"font-family: helvetica; font-size: 16px;\">2005 \u00a0\u00a0 Oberpf\u00e4lzer K\u00fcnstlerhaus, Schwandorf, Kwanhoon Gallery, Seoul, Korea, Kunstverein Friedberg<\/span><br \/>\n<span style=\"font-family: helvetica; font-size: 16px;\">2004 \u00a0\u00a0 S\u00fcddeutscher Verlag, M\u00fcnchen, Stadthalle Germering<\/span><\/p>\n\t<\/div>\r\n<\/div>\r\n\r\n\r\n\r\n\r\n<div class=\"wpb_text_column wpb_content_element\" >\r\n\t<div class=\"wpb_wrapper\">\r\n\t\t<p><span style=\"font-family: helvetica;\">2003 \u00a0\u00a0 <span style=\"font-size: 12pt;\">Jaroslav Pecka Gallery, Prague, Czech Republic<\/span><\/span><br \/>\n<span style=\"font-family: helvetica;\">2001 \u00a0\u00a0 <span style=\"font-size: 12pt;\">Walter Storms Gallery, Munich<\/span><\/span><br \/>\n<span style=\"font-family: helvetica;\">2000 \u00a0\u00a0 <span style=\"font-size: 12pt;\">Kulturwerkstatt Haus 10, F\u00fcrstenfeldbruck, Germany<\/span><\/span><br \/>\n<span style=\"font-family: helvetica;\">1999 \u00a0\u00a0 <span style=\"font-size: 12pt;\">Church of the Ascension, Munich<\/span><\/span><\/p>\n\t<\/div>\r\n<\/div>\r\n\r\n\r\n\r\n<div class=\"divider-wrap\" data-alignment=\"default\"><div style=\"height: 20px;\" class=\"divider\"><\/div><\/div>\r\n<div class=\"wpb_text_column wpb_content_element\" >\r\n\t<div class=\"wpb_wrapper\">\r\n\t\t<p><span style=\"font-family: helvetica;\"><strong>Collective Exhibitions<\/strong><\/span><\/p>\n<p><span style=\"font-family: helvetica;\">2023 \u00a0\u00a0 <span style=\"font-size: 12pt;\">Artist Kazi Anowar Hossain International Art Exhibition,<\/span> <span style=\"font-size: 12pt;\">Zilla Shilpakala Academy, Bangladesh<\/span><\/span><br \/>\n<span style=\"font-family: helvetica;\">2022 \u00a0\u00a0 <span style=\"font-size: 12pt;\">19th Asian Art Biennale Bangladesh, Dhaka<\/span><\/span><br \/>\n<span style=\"font-family: helvetica;\">2021 \u00a0\u00a0 <span style=\"font-size: 12pt;\">Gallery Yume, SPC Gallery, Tokyo, apartment of art, Munich<\/span><\/span><br \/>\n<span style=\"font-family: helvetica;\">2020 \u00a0\u00a0 <span style=\"font-size: 12pt;\">Art Islands Tokyo 2020, arToxin Gallery, Munich, 5. KloH\u00e4uschen Biennale, Munich,<\/span><\/span><br \/>\n<span style=\"font-family: helvetica;\">2019 \u00a0\u00a0 <span style=\"font-size: 12pt;\">NCCA Gallery, Manila, Republic of the Philippines<\/span><\/span><br \/>\n<span style=\"font-family: helvetica;\">2018 \u00a0\u00a0 <span style=\"font-size: 12pt;\">18th Asian Art Biennale Bangladesh, Dhaka, Salon des Ind\u00e9pendants, Grand Palais, Paris, France<\/span><\/span><br \/>\n<span style=\"font-family: helvetica;\">2017 \u00a0\u00a0 <span style=\"font-size: 12pt;\">Indo-German Art Forum, Kalkutta, Indien<\/span><\/span><\/p>\n\t<\/div>\r\n<\/div>\r\n\r\n\r\n\r\n\r\n<div class=\"wpb_text_column wpb_content_element\" >\r\n\t<div class=\"wpb_wrapper\">\r\n\t\t<p><span style=\"font-family: helvetica;\">2016 \u00a0\u00a0 <span style=\"font-size: 12pt;\">Art Islands Tokyo, Japan<\/span><\/span><br \/>\n<span style=\"font-family: helvetica;\">2015 \u00a0\u00a0 <span style=\"font-size: 12pt;\">Galerie der K\u00fcnstler, M\u00fcnchen, DMZ Pilgrimage International Art Festival, Korea<\/span><\/span><br \/>\n<span style=\"font-family: helvetica;\"><span style=\"color: #333333;\">\u00a0<\/span> \u00a0\u00a0\u00a0\u00a0\u00a0\u00a0\u00a0\u00a0\u00a0 <span style=\"color: #333333;\">Alte Post, Seeshaupt, Germany with Tobias Hohenacker<\/span><\/span><br \/>\n<span style=\"font-family: helvetica;\">2014 \u00a0\u00a0 <span style=\"font-size: 12pt;\">\u201eSkulpturenlandschaft\u201c Hamburg, M\u00fcller and Petzinna Gallery, L\u00fcbeck, Germany<\/span><\/span><br \/>\n<span style=\"font-family: helvetica;\">2013 \u00a0\u00a0 <span style=\"font-size: 12pt;\">Kobe Biennale 2013, Gallery and Space Della-Pace, Kobe, Japan, apartment of art, Munich<\/span><\/span><br \/>\n<span style=\"font-family: helvetica;\">2012 \u00a0\u00a0 <span style=\"font-size: 12pt;\">Incheon Art Fair 2012, Korea, Interalia Art Company, Seoul, Korea<\/span><\/span><br \/>\n<span style=\"font-family: helvetica;\">2011 \u00a0\u00a0 <span style=\"font-size: 12pt;\">The Brooklyn Art Library, New York<\/span><\/span><\/p>\n\t<\/div>\r\n<\/div>\r\n\r\n\r\n\r\n\r\n<div class=\"wpb_text_column wpb_content_element\" >\r\n\t<div class=\"wpb_wrapper\">\r\n\t\t<p><span style=\"font-family: helvetica;\">2010 \u00a0\u00a0 <span style=\"font-size: 12pt;\">Galerie 89, Viaduc des Arts, Paris, Konsthallen Falln\u00e4s gard, Sweden, Lio-Gallery, Paju-si, Korea<\/span><\/span><br \/>\n<span style=\"font-family: helvetica;\">2009 \u00a0\u00a0 <span style=\"font-size: 12pt;\">\u201eComparaisons 2009\u201c, Grand Palais, Paris, France, Konrin Gallery, Tokyo, Japan<\/span><\/span><br \/>\n<span style=\"font-family: helvetica;\">2008 \u00a0\u00a0 <span style=\"font-size: 12pt;\">Art Karlsruhe, Germany<\/span><\/span><br \/>\n<span style=\"font-family: helvetica;\">2007 \u00a0\u00a0 <span style=\"font-size: 12pt;\">\u201eSkulpturenlandschaft\u201c Hamburg, Art Karlsruhe, Kunstverein Plauen, Radierverein Munich, Germany<\/span><\/span><br \/>\n<span style=\"font-family: helvetica;\">2006 \u00a0\u00a0 <span style=\"font-size: 12pt;\"> Stadtmuseum Deggendorf, Germany, Art International Z\u00fcrich, Switzerland<\/span><\/span><br \/>\n<span style=\"font-family: helvetica;\">2005 \u00a0\u00a0 <span style=\"font-size: 12pt;\">Kunstverein Aichach, Germany<\/span><\/span><\/p>\n\t<\/div>\r\n<\/div>\r\n\r\n\r\n\r\n\r\n<div class=\"wpb_text_column wpb_content_element\" >\r\n\t<div class=\"wpb_wrapper\">\r\n\t\t<p><span style=\"font-family: helvetica;\">2004 \u00a0\u00a0 <span style=\"font-size: 12pt;\">Schlossausstellung der K\u00fcnstler Vereinigung Dachau, Germany<\/span><\/span><br \/>\n<span style=\"font-family: helvetica;\">2003 \u00a0\u00a0 <span style=\"font-size: 12pt;\">Ewald Karl Schrade Gallery, Ehingen, Art Cologne, Germany<\/span><\/span><br \/>\n<span style=\"font-family: helvetica;\">2002 \u00a0\u00a0 <span style=\"font-size: 12pt;\"> Neues Kunsthaus Ahrenshoop, Kunstverein Rosenheim, Germany<\/span><\/span><\/p>\n\t<\/div>\r\n<\/div>\r\n\r\n\r\n\r\n\r\n<div class=\"wpb_text_column wpb_content_element\" >\r\n\t<div class=\"wpb_wrapper\">\r\n\t\t<p>&nbsp;<\/p>\n<p><span style=\"font-family: helvetica;\"><strong>Architectural projects and works in public collections<\/strong><\/span><\/p>\n<p class=\"translation-block\">Collection of the Erwin u. Gisela v. Steiner Foundation, Munich;\nCollection of the City F\u00fcrstenfeldbruck, Bayerische Staatsgem\u00e4ldesammlungen (Bavarian State Painting Collections);\nKanzlei Mayrhofer &amp; Partner, Munich, E.ON Company Munich, Collection of the City Ehingen, Kanzlei Lovells, Munich;\nGetmobile Company Munich, Collection of the City Schwandorf, R\u00fccker und Schindele, Munich;\nK\u00fcffner Maunz Langer Zugmaier, Munich, DAS Insurance Company Munich;<\/p>\n<p>&nbsp;<\/p>\n<p><span style=\"font-family: helvetica;\"><strong>Bibliography<\/strong><\/span><\/p>\n<p>&nbsp;<\/p>\n\t<\/div>\r\n<\/div>\r\n\r\n\r\n\r\n\r\n<div class=\"wpb_text_column wpb_content_element\" >\r\n\t<div class=\"wpb_wrapper\">\r\n\t\t<p class=\"translation-block\">Axel Feu\u00df: Uwe Jonas, in: The Allgemeines K\u00fcnstlerlexikon (AKL), [Artists of the World] ,  \nEdited by: Andreas Beyer, B\u00e9n\u00e9dicte Savoy and Wolf Tegethoff, Vol. 78, Berlin\/Boston 2013<\/p>\n\t<\/div>\r\n<\/div>\r\n\r\n\r\n\r\n\r\n<div class=\"wpb_text_column wpb_content_element\" >\r\n\t<div class=\"wpb_wrapper\">\r\n\t\t<p><span style=\"font-family: helvetica;\">zibook \u2013  Architecture, Interior design, Illustration, Art, 2008, Volume 6, Korea<\/span><\/p>\n\t<\/div>\r\n<\/div>\r\n\r\n\r\n\r\n\r\n<div class=\"wpb_text_column wpb_content_element\" >\r\n\t<div class=\"wpb_wrapper\">\r\n\t\t<p class=\"translation-block\">Wolganmisool, The Art Magazine, Korea, \u201csight and issue\u201d, November 2005<br>\nWolganmisool, The Art Magazine, Korea, \u201cpreview\u201d, October 2005<\/p>\n\t<\/div>\r\n<\/div>\r\n\r\n\r\n\r\n\r\n<div class=\"wpb_text_column wpb_content_element\" >\r\n\t<div class=\"wpb_wrapper\">\r\n\t\t<p class=\"translation-block\">Cornelia Kle\u00ffboldt, M.A. \u201eBuilding\u201c, Exhibition catalogue, Kwanhoon Gallery, Seoul, 2005, ISBN 3-931182-74-6<\/p>\n\t<\/div>\r\n<\/div>\r\n\r\n\r\n\r\n\r\n<div class=\"wpb_text_column wpb_content_element\" >\r\n\t<div class=\"wpb_wrapper\">\r\n\t\t<p><span style=\"font-family: helvetica;\">Dr. Ingeborg Wiegand-Uhl, \u201eThe Visual and the Imagination\u201c, Catalogue edition \u201eKunst im Verlag\u201c, S\u00fcddeutscher Verlag , Munich 2004<\/span><\/p>\n\t<\/div>\r\n<\/div>\r\n\r\n\r\n\r\n\r\n<div class=\"wpb_text_column wpb_content_element\" >\r\n\t<div class=\"wpb_wrapper\">\r\n\t\t<p><span style=\"font-family: helvetica;\">Gerlinde Creutzburg, \u201eNebelleben\u201c, Catalogue Neues Kunsthaus Ahrenshoop, Edition Hohes Ufer Ahrenshoop 2002, ISBN 3-934216-20-X<\/span><\/p>\n\t<\/div>\r\n<\/div>\r\n\r\n\r\n\r\n\r\n<div class=\"wpb_text_column wpb_content_element\" >\r\n\t<div class=\"wpb_wrapper\">\r\n\t\t<p><span style=\"font-family: helvetica;\">Dr.Hanne Weskott, \u201eThe lively reality of the Abstract\u201c, catalogue Walter Storms Publishing house, Munich, 2001, ISBN 3-927533-27-0<\/span><\/p>\n\t<\/div>\r\n<\/div>\r\n\r\n\r\n\r\n\r\n<div class=\"wpb_text_column wpb_content_element\" >\r\n\t<div class=\"wpb_wrapper\">\r\n\t\t<p><span style=\"font-family: helvetica;\">Dr. Andrew John Martin, \u201eForm-Color-Movement-Space; Uwe Jonas in dialogue with Hans Olofsson\u201c, Catalogue Kulturwerkstatt Haus 10, F\u00fcrstenfeldbruck, 2000, ISBN 3-00-00-6571-7<\/span><\/p>\n\t<\/div>\r\n<\/div>\r\n\r\n\r\n\r\n<div class=\"divider-wrap\" data-alignment=\"default\"><div style=\"height: 40px;\" class=\"divider\"><\/div><\/div><div id=\"fws_69d4457a1dce8\" data-midnight=\"\" data-column-margin=\"default\" class=\"wpb_row vc_row-fluid vc_row inner_row standard_section\"  style=\"padding-top: 0px; padding-bottom: 0px; \"><div class=\"row-bg-wrap\"> <div class=\"row-bg\" ><\/div> <\/div><div class=\"row_col_wrap_12_inner col span_12  left\">\n\t<div  class=\"vc_col-sm-12 wpb_column column_container vc_column_container col child_column no-extra-padding inherit_tablet inherit_phone\"   data-t-w-inherits=\"default\" data-bg-cover=\"\" data-padding-pos=\"all\" data-has-bg-color=\"false\" data-bg-color=\"\" data-bg-opacity=\"1\" data-hover-bg=\"\" data-hover-bg-opacity=\"1\" data-animation=\"\" data-delay=\"0\">\n\t\t<div class=\"vc_column-inner\" ><div class=\"column-bg-overlay-wrap\" data-bg-animation=\"none\"><div class=\"column-bg-overlay\"><\/div><\/div>\n\t\t<div class=\"wpb_wrapper\">\n\t\t\t\r\n<div class=\"wpb_text_column wpb_content_element\" >\r\n\t<div class=\"wpb_wrapper\">\r\n\t\t<p><span style=\"color: #000080;\"><a style=\"color: #000080;\" href=\"https:\/\/de.wikipedia.org\/wiki\/Uwe_Jonas\"><span style=\"color: #333333;\"><span style=\"font-family: helvetica;\">https:\/\/de.wikipedia.org\/wiki\/Uwe_Jonas<\/span><\/span><\/a><\/span><\/p>\n\t<\/div>\r\n<\/div>\r\n\r\n\r\n\r\n\n\t\t<\/div> \n\t<\/div>\n\t<\/div> \n<\/div><\/div><div class=\"divider-wrap\" data-alignment=\"default\"><div style=\"height: 40px;\" class=\"divider\"><\/div><\/div>\n\t\t\t<\/div> \n\t\t<\/div>\n\t<\/div> \n\n\t<div  class=\"vc_col-sm-2 wpb_column column_container vc_column_container col no-extra-padding inherit_tablet inherit_phone\"  data-t-w-inherits=\"default\" data-bg-cover=\"\" data-padding-pos=\"all\" data-has-bg-color=\"false\" data-bg-color=\"\" data-bg-opacity=\"1\" data-hover-bg=\"\" data-hover-bg-opacity=\"1\" data-animation=\"\" data-delay=\"0\" >\n\t\t<div class=\"vc_column-inner\" ><div class=\"column-bg-overlay-wrap\" data-bg-animation=\"none\"><div class=\"column-bg-overlay\"><\/div><\/div>\n\t\t\t<div class=\"wpb_wrapper\">\n\t\t\t\t\n\t\t\t<\/div> \n\t\t<\/div>\n\t<\/div> \n<\/div><\/div>","protected":false},"excerpt":{"rendered":"Biografie Gastvortr\u00e4ge und Studium 2017 \u00a0\u00a0 Gastvortrag Arts Acre Foundation, Indien 2012 \u00a0\u00a0 Gastvortrag Sungshin Women\u00b4s University, Korea 2011 \u00a0\u00a0 Gastvortrag Illinois Sate University, Normal, USA 2008 \u00a0\u00a0 Gastvortrag Silpakorn...","protected":false},"author":1,"featured_media":0,"parent":0,"menu_order":0,"comment_status":"closed","ping_status":"closed","template":"","meta":{"footnotes":""},"class_list":["post-1515","page","type-page","status-publish"],"_links":{"self":[{"href":"https:\/\/uwejonas.de\/en\/wp-json\/wp\/v2\/pages\/1515","targetHints":{"allow":["GET"]}}],"collection":[{"href":"https:\/\/uwejonas.de\/en\/wp-json\/wp\/v2\/pages"}],"about":[{"href":"https:\/\/uwejonas.de\/en\/wp-json\/wp\/v2\/types\/page"}],"author":[{"embeddable":true,"href":"https:\/\/uwejonas.de\/en\/wp-json\/wp\/v2\/users\/1"}],"replies":[{"embeddable":true,"href":"https:\/\/uwejonas.de\/en\/wp-json\/wp\/v2\/comments?post=1515"}],"version-history":[{"count":74,"href":"https:\/\/uwejonas.de\/en\/wp-json\/wp\/v2\/pages\/1515\/revisions"}],"predecessor-version":[{"id":4606,"href":"https:\/\/uwejonas.de\/en\/wp-json\/wp\/v2\/pages\/1515\/revisions\/4606"}],"wp:attachment":[{"href":"https:\/\/uwejonas.de\/en\/wp-json\/wp\/v2\/media?parent=1515"}],"curies":[{"name":"wp","href":"https:\/\/api.w.org\/{rel}","templated":true}]}}