{"id":2536,"date":"2022-02-08T17:07:54","date_gmt":"2022-02-08T15:07:54","guid":{"rendered":"http:\/\/uwe-jonas-muenchen.com\/?page_id=2536"},"modified":"2023-07-02T16:46:40","modified_gmt":"2023-07-02T14:46:40","slug":"impdatschutzerk","status":"publish","type":"page","link":"https:\/\/uwejonas.de\/en\/impdatschutzerk\/","title":{"rendered":"Legal notice and Privacy policy"},"content":{"rendered":"<div id=\"fws_69d442f92d038\"  data-column-margin=\"default\" data-midnight=\"dark\"  class=\"wpb_row vc_row-fluid vc_row standard_section\"  style=\"padding-top: 0px; padding-bottom: 0px; \"><div class=\"row-bg-wrap\" data-bg-animation=\"none\" data-bg-overlay=\"false\"><div class=\"inner-wrap\"><div class=\"row-bg\"  style=\"\"><\/div><\/div><div class=\"row-bg-overlay\" ><\/div><\/div><div class=\"row_col_wrap_12 col span_12 dark left\">\n\t<div  class=\"vc_col-sm-12 wpb_column column_container vc_column_container col no-extra-padding inherit_tablet inherit_phone\"  data-t-w-inherits=\"default\" data-bg-cover=\"\" data-padding-pos=\"all\" data-has-bg-color=\"false\" data-bg-color=\"\" data-bg-opacity=\"1\" data-hover-bg=\"\" data-hover-bg-opacity=\"1\" data-animation=\"\" data-delay=\"0\" >\n\t\t<div class=\"vc_column-inner\" ><div class=\"column-bg-overlay-wrap\" data-bg-animation=\"none\"><div class=\"column-bg-overlay\"><\/div><\/div>\n\t\t\t<div class=\"wpb_wrapper\">\n\t\t\t\t<div class=\"divider-wrap\" data-alignment=\"default\"><div style=\"height: 15px;\" class=\"divider\"><\/div><\/div>\r\n<div class=\"wpb_text_column wpb_content_element\" >\r\n\t<div class=\"wpb_wrapper\">\r\n\t\t<p><span style=\"font-family: helvetica; font-size: 14pt; color: #333333;\">Legal notice and Privacy policy<\/span><\/p>\n\t<\/div>\r\n<\/div>\r\n\r\n\r\n\r\n<div class=\"divider-wrap\" data-alignment=\"default\"><div style=\"height: 50px;\" class=\"divider\"><\/div><\/div>\n\t\t\t<\/div> \n\t\t<\/div>\n\t<\/div> \n<\/div><\/div>\n\t\t<div id=\"fws_69d442f92d4f9\"  data-column-margin=\"default\" data-midnight=\"dark\"  class=\"wpb_row vc_row-fluid vc_row standard_section\"  style=\"padding-top: 0px; padding-bottom: 0px; \"><div class=\"row-bg-wrap\" data-bg-animation=\"none\" data-bg-overlay=\"false\"><div class=\"inner-wrap\"><div class=\"row-bg using-bg-color\"  style=\"background-color: #efefef; \"><\/div><\/div><div class=\"row-bg-overlay\" ><\/div><\/div><div class=\"row_col_wrap_12 col span_12 dark left\">\n\t<div  class=\"vc_col-sm-2 wpb_column column_container vc_column_container col no-extra-padding inherit_tablet inherit_phone\"  data-t-w-inherits=\"default\" data-bg-cover=\"\" data-padding-pos=\"all\" data-has-bg-color=\"false\" data-bg-color=\"\" data-bg-opacity=\"1\" data-hover-bg=\"\" data-hover-bg-opacity=\"1\" data-animation=\"\" data-delay=\"0\" >\n\t\t<div class=\"vc_column-inner\" ><div class=\"column-bg-overlay-wrap\" data-bg-animation=\"none\"><div class=\"column-bg-overlay\"><\/div><\/div>\n\t\t\t<div class=\"wpb_wrapper\">\n\t\t\t\t\n\t\t\t<\/div> \n\t\t<\/div>\n\t<\/div> \n\n\t<div  class=\"vc_col-sm-8 wpb_column column_container vc_column_container col no-extra-padding inherit_tablet padding-1-percent_phone\"  data-t-w-inherits=\"default\" data-bg-cover=\"\" data-padding-pos=\"all\" data-has-bg-color=\"false\" data-bg-color=\"\" data-bg-opacity=\"1\" data-hover-bg=\"\" data-hover-bg-opacity=\"1\" data-animation=\"\" data-delay=\"0\" >\n\t\t<div class=\"vc_column-inner\" ><div class=\"column-bg-overlay-wrap\" data-bg-animation=\"none\"><div class=\"column-bg-overlay\"><\/div><\/div>\n\t\t\t<div class=\"wpb_wrapper\">\n\t\t\t\t<div class=\"divider-wrap\" data-alignment=\"default\"><div style=\"height: 61px;\" class=\"divider\"><\/div><\/div>\r\n<div class=\"wpb_text_column wpb_content_element\" >\r\n\t<div class=\"wpb_wrapper\">\r\n\t\t<p><span style=\"font-family: helvetica; font-size: 16px;\"><strong><span style=\"color: #333333;\">Editor:<\/span><\/strong><\/span><\/p>\n<p><span style=\"color: #333333; font-family: helvetica; font-size: 16px;\">Uwe Jonas<\/span><\/p>\n<p><span style=\"font-family: helvetica; font-size: 16px;\"><span style=\"color: #333333;\">Diploma Academy of Fine Arts, Munich<\/span><\/span><\/p>\n<p><span style=\"color: #333333; font-family: helvetica; font-size: 16px;\">Member of Berufsverband Bildender K\u00fcnstlerinnen und K\u00fcnstler M\u00fcnchen u. Oberbayern e.V.<\/span><\/p>\n<p><span style=\"color: #333333; font-family: helvetica; font-size: 16px;\">USt-IdNr.: DE161244620<\/span><\/p>\n<p><span style=\"font-family: helvetica; font-size: 16px;\"><strong><span style=\"color: #333333;\">Mail adress:<\/span><\/strong><\/span><\/p>\n<p><span style=\"font-family: helvetica; font-size: 16px;\"><span style=\"color: #333333;\">Uwe Jonas, Wilbrechtstr. 53 c, 81477 Munich, Germany<\/span><\/span><\/p>\n<p><span style=\"color: #333333; font-family: helvetica; font-size: 16px;\">Mobile phone: 0049 179 5309278<\/span><\/p>\n<p><span style=\"font-family: helvetica; font-size: 16px;\"><strong><span style=\"color: #333333;\">Web adress:<\/span><\/strong><\/span><\/p>\n<p><span style=\"color: #333333; font-family: helvetica; font-size: 16px;\">uwejonas@freenet.de<\/span><\/p>\n<p><span style=\"font-family: helvetica; font-size: 16px;\"><strong><span style=\"color: #333333;\">Foto credits:<\/span><\/strong><\/span><\/p>\n<p><span style=\"color: #333333; font-family: helvetica; font-size: 16px;\">Haley Fisk, Ulrich Schmitt, Norbert Schulz, Julia Schambeck, Tom H\u00f6hne, Wolfgang Donh\u00e4rl<\/span><\/p>\n<p><span style=\"font-family: helvetica; font-size: 16px;\"><strong><span style=\"color: #333333;\">Links:<\/span><\/strong><\/span><\/p>\n<p><span style=\"color: #333333; font-family: helvetica; font-size: 16px;\"><span style=\"color: #000080;\"><a style=\"color: #000080;\" href=\"https:\/\/www.tobiashohenacker.de\/\"><span style=\"color: #333333;\">Tobias Hohenacker<\/span><\/a><\/span>, <a style=\"color: #333333;\" href=\"https:\/\/www.cornelia-kleyboldt.de\/\">Cornelia Kle\u00ffboldt<\/a>, <a style=\"color: #333333;\" href=\"https:\/\/www.das-klohaeuschen.de\/\">Das KloH\u00e4uschen<\/a>, <a style=\"color: #333333;\" href=\"https:\/\/www.realitaetsbuero.de\/\">realit\u00e4ts b\u00fcro<\/a><br \/>\n<\/span><\/p>\n<p><span style=\"font-family: helvetica; font-size: 16px;\"><strong><span style=\"color: #333333;\">Texts:<\/span><\/strong><\/span><\/p>\n<p><span style=\"color: #333333; font-family: helvetica; font-size: 16px;\">Hanne Weskott, Dr. Patricia Dr\u00fcck, Cornelia Kle\u00ffboldt, Dr. Ingeborg Wiegand-Uhl, Norbert Schulz, Susanne Breit-Ke\u00dfler, Dr. Justinus Maria Calleen, Dr. Axel Feu\u00df<\/span><\/p>\n<p><span style=\"font-family: helvetica; font-size: 16px;\"><strong><span style=\"color: #333333;\">Proofreading:<\/span><\/strong><\/span><\/p>\n<p><span style=\"color: #333333; font-family: helvetica; font-size: 16px;\">Mogbolahan Koya-Oyagbola<\/span><\/p>\n<p><span style=\"font-family: helvetica; font-size: 16px;\"><strong><span style=\"color: #333333;\">Liability for content:<\/span><\/strong><\/span><\/p>\n<p><span style=\"color: #333333; font-family: helvetica; font-size: 16px;\">All the information on this website - https:\/\/uwejonas.de\/ - is published in good faith and for general information purpose only. www.uwejonas.de does not make any warranties about the completeness, reliability and accuracy of this information. Any action you take upon the information you find on this website (www.uwejonas.de), is strictly at your own risk. www.uwejonas.de will not be liable for any losses and\/or damages in connection with the use of our website.<\/span><\/p>\n<p><span style=\"font-family: helvetica; font-size: 16px;\"><strong><span style=\"color: #333333;\">Liability for Links:<\/span><\/strong><\/span><\/p>\n<p><span style=\"color: #333333; font-family: helvetica; font-size: 16px;\">From our website, you can visit other websites by following hyperlinks to such external sites. While we strive to provide only quality links to useful and ethical websites, we have no control over the content and nature of these sites. These links to other websites do not imply a recommendation for all the content found on these sites. Site owners and content may change without notice and may occur before we have the opportunity to remove a link which may have gone 'bad'.\nPlease be also aware that when you leave our website, other sites may have different privacy policies and terms which are beyond our control. Please be sure to check the Privacy Policies of these sites as well as their \"Terms of Service\" before engaging in any business or uploading any information.<\/span><\/p>\n<p><span style=\"font-family: helvetica; font-size: 16px;\"><strong><span style=\"color: #333333;\">Copyright law:<\/span><\/strong><\/span><\/p>\n<p><span style=\"color: #333333; font-family: helvetica; font-size: 16px;\">The content and works created by the site operator on these pages are subject to German copyright law. Duplication, processing, distribution and any kind of exploitation outside the limits of copyright law require the written consent of the respective author or publisher. Downloads and copies of this site are only permitted for private, non-commercial use. Insofar as the content on this site was not created by the operator, the copyrights of third parties are respected. In particular, third-party content is marked as such. Should you nevertheless become aware of a copyright infringement, please inform us accordingly. If we become aware of any infringements, we will remove such content immediately.<\/span><\/p>\n<p><span style=\"font-family: helvetica; font-size: 16px;\"><strong><span style=\"color: #333333;\">Data privacy:<\/span><\/strong><\/span><\/p>\n<p><span style=\"color: #333333; font-family: helvetica; font-size: 16px;\">The use of our website is possible without providing personal data.  We point out that data protection gaps can occur during data transmission on the Internet (e.g. when communicating by e-mail). Complete protection of data against access by third parties is not possible. The use of contact data published within the framework of the legal notice by third parties for the purpose of sending unwanted advertising and information is hereby rejected.<\/span><\/p>\n<p><span style=\"font-size: 16px;\"><strong><span style=\"font-family: helvetica; color: #333333;\">AVV:<\/span><\/strong><\/span><\/p>\n<p><span style=\"font-size: 16px;\"><span style=\"font-family: helvetica; color: #333333;\">Eine Vereinbarung zur Auftragsverarbeitung mit unserem Host IONOS <\/span><span style=\"font-family: helvetica; color: #333333;\">nach Art. 28 Abs. 3 Datenschutz-Grundverordnung (DSGVO) liegt vor. <\/span><span style=\"font-family: helvetica; color: #333333;\">Das Dokument ist unter folgender Adresse abrufbar: https:\/\/www.ionos.de\/terms-gtc\/avv\/<\/span><\/span><\/p>\n<p><span style=\"color: #333333; font-family: helvetica; font-size: 16px;\">\u00a0<\/span><\/p>\n<p>&nbsp;<\/p>\n\t<\/div>\r\n<\/div>\r\n\r\n\r\n\r\n<div class=\"divider-wrap\" data-alignment=\"default\"><div style=\"height: 50px;\" class=\"divider\"><\/div><\/div>\n\t\t\t<\/div> \n\t\t<\/div>\n\t<\/div> \n\n\t<div  class=\"vc_col-sm-2 wpb_column column_container vc_column_container col no-extra-padding inherit_tablet inherit_phone\"  data-t-w-inherits=\"default\" data-bg-cover=\"\" data-padding-pos=\"all\" data-has-bg-color=\"false\" data-bg-color=\"\" data-bg-opacity=\"1\" data-hover-bg=\"\" data-hover-bg-opacity=\"1\" data-animation=\"\" data-delay=\"0\" >\n\t\t<div class=\"vc_column-inner\" ><div class=\"column-bg-overlay-wrap\" data-bg-animation=\"none\"><div class=\"column-bg-overlay\"><\/div><\/div>\n\t\t\t<div class=\"wpb_wrapper\">\n\t\t\t\t\n\t\t\t<\/div> \n\t\t<\/div>\n\t<\/div> \n<\/div><\/div>","protected":false},"excerpt":{"rendered":"Impressum und Datenschutzerkl\u00e4rung Herausgeber: Uwe Jonas Maler und Grafiker, Diplom der Akademie der Bildenden K\u00fcnste M\u00fcnchen Mitglied im Berufsverband Bildender K\u00fcnstlerinnen und K\u00fcnstler M\u00fcnchen u. Oberbayern e.V. USt-IdNr.: DE161244620 Postanschrift:...","protected":false},"author":1,"featured_media":0,"parent":0,"menu_order":0,"comment_status":"closed","ping_status":"closed","template":"","meta":{"footnotes":""},"class_list":["post-2536","page","type-page","status-publish"],"_links":{"self":[{"href":"https:\/\/uwejonas.de\/en\/wp-json\/wp\/v2\/pages\/2536","targetHints":{"allow":["GET"]}}],"collection":[{"href":"https:\/\/uwejonas.de\/en\/wp-json\/wp\/v2\/pages"}],"about":[{"href":"https:\/\/uwejonas.de\/en\/wp-json\/wp\/v2\/types\/page"}],"author":[{"embeddable":true,"href":"https:\/\/uwejonas.de\/en\/wp-json\/wp\/v2\/users\/1"}],"replies":[{"embeddable":true,"href":"https:\/\/uwejonas.de\/en\/wp-json\/wp\/v2\/comments?post=2536"}],"version-history":[{"count":35,"href":"https:\/\/uwejonas.de\/en\/wp-json\/wp\/v2\/pages\/2536\/revisions"}],"predecessor-version":[{"id":4377,"href":"https:\/\/uwejonas.de\/en\/wp-json\/wp\/v2\/pages\/2536\/revisions\/4377"}],"wp:attachment":[{"href":"https:\/\/uwejonas.de\/en\/wp-json\/wp\/v2\/media?parent=2536"}],"curies":[{"name":"wp","href":"https:\/\/api.w.org\/{rel}","templated":true}]}}