{"id":2852,"date":"2022-02-25T15:37:29","date_gmt":"2022-02-25T13:37:29","guid":{"rendered":"http:\/\/uwe-jonas-muenchen.com\/?page_id=2852"},"modified":"2022-04-09T14:51:43","modified_gmt":"2022-04-09T12:51:43","slug":"fotogetopograf","status":"publish","type":"page","link":"https:\/\/uwejonas.de\/en\/fotogetopograf\/","title":{"rendered":"Eine Fotogeschichte: Der D\u00fcnnschliff Nummer 18 und seine farbigen Topografien"},"content":{"rendered":"<div id=\"fws_69ef9d4dda2cb\"  data-column-margin=\"default\" data-midnight=\"dark\"  class=\"wpb_row vc_row-fluid vc_row full-width-section parallax_section\"  style=\"padding-top: 0px; padding-bottom: 0px; \"><div class=\"row-bg-wrap\" data-bg-animation=\"none\" data-bg-overlay=\"false\"><div class=\"inner-wrap\"><div class=\"row-bg using-bg-color\" data-parallax-speed=\"slow\" style=\"background-color: #161616; \"><\/div><\/div><div class=\"row-bg-overlay\" ><\/div><\/div><div class=\"row_col_wrap_12 col span_12 dark left\">\n\t<div  class=\"vc_col-sm-12 wpb_column column_container vc_column_container col centered-text padding-15-percent inherit_tablet no-extra-padding_phone\"  data-t-w-inherits=\"default\" data-bg-cover=\"\" data-padding-pos=\"left-right\" data-has-bg-color=\"false\" data-bg-color=\"\" data-bg-opacity=\"1\" data-hover-bg=\"\" data-hover-bg-opacity=\"1\" data-animation=\"\" data-delay=\"0\" >\n\t\t<div class=\"vc_column-inner\" ><div class=\"column-bg-overlay-wrap\" data-bg-animation=\"none\"><div class=\"column-bg-overlay\"><\/div><\/div>\n\t\t\t<div class=\"wpb_wrapper\">\n\t\t\t\t<div id=\"fws_69ef9d4dda5b4\" data-midnight=\"\" data-column-margin=\"default\" class=\"wpb_row vc_row-fluid vc_row inner_row standard_section\"  style=\"padding-top: 0px; padding-bottom: 0px; \"><div class=\"row-bg-wrap\"> <div class=\"row-bg\" ><\/div> <\/div><div class=\"row_col_wrap_12_inner col span_12  left\">\n\t<div  class=\"vc_col-sm-12 wpb_column column_container vc_column_container col child_column no-extra-padding inherit_tablet inherit_phone\"   data-t-w-inherits=\"default\" data-bg-cover=\"\" data-padding-pos=\"top-bottom\" data-has-bg-color=\"false\" data-bg-color=\"\" data-bg-opacity=\"1\" data-hover-bg=\"\" data-hover-bg-opacity=\"1\" data-animation=\"\" data-delay=\"0\">\n\t\t<div class=\"vc_column-inner\" ><div class=\"column-bg-overlay-wrap\" data-bg-animation=\"none\"><div class=\"column-bg-overlay\"><\/div><\/div>\n\t\t<div class=\"wpb_wrapper\">\n\t\t\t<div class=\"divider-wrap\" data-alignment=\"default\"><div style=\"height: 75px;\" class=\"divider\"><\/div><\/div>\r\n<div class=\"wpb_text_column wpb_content_element\" >\r\n\t<div class=\"wpb_wrapper\">\r\n\t\t<p lang=\"de-DE\" style=\"text-align: left;\"><span style=\"color: #808080; font-size: 14pt;\"><span style=\"font-family: helvetica;\">Thin ground section number 18 and its colored topographies<\/span><\/span><\/p>\n\t<\/div>\r\n<\/div>\r\n\r\n\r\n\r\n\n\t\t<\/div> \n\t<\/div>\n\t<\/div> \n<\/div><\/div><div id=\"fws_69ef9d4dda8dd\" data-midnight=\"\" data-column-margin=\"default\" class=\"wpb_row vc_row-fluid vc_row inner_row standard_section\"  style=\"padding-top: 0px; padding-bottom: 0px; \"><div class=\"row-bg-wrap\"> <div class=\"row-bg\" ><\/div> <\/div><div class=\"row_col_wrap_12_inner col span_12  left\">\n\t<div  class=\"vc_col-sm-12 wpb_column column_container vc_column_container col child_column no-extra-padding inherit_tablet inherit_phone\"   data-t-w-inherits=\"default\" data-bg-cover=\"\" data-padding-pos=\"all\" data-has-bg-color=\"false\" data-bg-color=\"\" data-bg-opacity=\"1\" data-hover-bg=\"\" data-hover-bg-opacity=\"1\" data-animation=\"\" data-delay=\"0\">\n\t\t<div class=\"vc_column-inner\" ><div class=\"column-bg-overlay-wrap\" data-bg-animation=\"none\"><div class=\"column-bg-overlay\"><\/div><\/div>\n\t\t<div class=\"wpb_wrapper\">\n\t\t\t<div class=\"divider-wrap\" data-alignment=\"default\"><div style=\"height: 50px;\" class=\"divider\"><\/div><\/div>\n\t\t<\/div> \n\t<\/div>\n\t<\/div> \n<\/div><\/div><div class=\"img-with-aniamtion-wrap\" data-max-width=\"100%\" data-max-width-mobile=\"default\" data-border-radius=\"none\" data-shadow=\"none\" data-animation=\"fade-in\" >\r\n      <div class=\"inner\">\r\n        <div class=\"hover-wrap\" data-hover-animation=\"none\"> \r\n          <div class=\"hover-wrap-inner\">\r\n            <img loading=\"lazy\" decoding=\"async\" class=\"img-with-animation skip-lazy\" data-delay=\"0\" height=\"1500\" width=\"1500\" data-animation=\"fade-in\" src=\"https:\/\/uwejonas.de\/wp-content\/uploads\/2022\/02\/startbild-topografien_sw.jpg\" alt=\"\" srcset=\"https:\/\/uwejonas.de\/wp-content\/uploads\/2022\/02\/startbild-topografien_sw.jpg 1500w, https:\/\/uwejonas.de\/wp-content\/uploads\/2022\/02\/startbild-topografien_sw-300x300.jpg 300w, https:\/\/uwejonas.de\/wp-content\/uploads\/2022\/02\/startbild-topografien_sw-1024x1024.jpg 1024w, https:\/\/uwejonas.de\/wp-content\/uploads\/2022\/02\/startbild-topografien_sw-150x150.jpg 150w, https:\/\/uwejonas.de\/wp-content\/uploads\/2022\/02\/startbild-topografien_sw-768x768.jpg 768w, https:\/\/uwejonas.de\/wp-content\/uploads\/2022\/02\/startbild-topografien_sw-12x12.jpg 12w, https:\/\/uwejonas.de\/wp-content\/uploads\/2022\/02\/startbild-topografien_sw-100x100.jpg 100w, https:\/\/uwejonas.de\/wp-content\/uploads\/2022\/02\/startbild-topografien_sw-140x140.jpg 140w, https:\/\/uwejonas.de\/wp-content\/uploads\/2022\/02\/startbild-topografien_sw-500x500.jpg 500w, https:\/\/uwejonas.de\/wp-content\/uploads\/2022\/02\/startbild-topografien_sw-350x350.jpg 350w, https:\/\/uwejonas.de\/wp-content\/uploads\/2022\/02\/startbild-topografien_sw-1000x1000.jpg 1000w, https:\/\/uwejonas.de\/wp-content\/uploads\/2022\/02\/startbild-topografien_sw-800x800.jpg 800w\" sizes=\"auto, (min-width: 1450px) 75vw, (min-width: 1000px) 85vw, 100vw\" \/>\r\n          <\/div>\r\n        <\/div>\r\n      <\/div>\r\n    <\/div><div id=\"fws_69ef9d4ddbcef\" data-midnight=\"\" data-column-margin=\"default\" class=\"wpb_row vc_row-fluid vc_row inner_row standard_section\"  style=\"padding-top: 0px; padding-bottom: 0px; \"><div class=\"row-bg-wrap\"> <div class=\"row-bg\" ><\/div> <\/div><div class=\"row_col_wrap_12_inner col span_12  left\">\n\t<div  class=\"vc_col-sm-12 wpb_column column_container vc_column_container col child_column no-extra-padding inherit_tablet inherit_phone\"   data-t-w-inherits=\"default\" data-bg-cover=\"\" data-padding-pos=\"all\" data-has-bg-color=\"false\" data-bg-color=\"\" data-bg-opacity=\"1\" data-hover-bg=\"\" data-hover-bg-opacity=\"1\" data-animation=\"\" data-delay=\"0\">\n\t\t<div class=\"vc_column-inner\" ><div class=\"column-bg-overlay-wrap\" data-bg-animation=\"none\"><div class=\"column-bg-overlay\"><\/div><\/div>\n\t\t<div class=\"wpb_wrapper\">\n\t\t\t<div class=\"divider-wrap\" data-alignment=\"default\"><div style=\"height: 75px;\" class=\"divider\"><\/div><\/div>\n\t\t<\/div> \n\t<\/div>\n\t<\/div> \n<\/div><\/div><div id=\"fws_69ef9d4ddbf12\" data-midnight=\"\" data-column-margin=\"default\" class=\"wpb_row vc_row-fluid vc_row inner_row standard_section\"  style=\"padding-top: 0px; padding-bottom: 0px; \"><div class=\"row-bg-wrap\"> <div class=\"row-bg\" ><\/div> <\/div><div class=\"row_col_wrap_12_inner col span_12  left\">\n\t<div  class=\"vc_col-sm-12 wpb_column column_container vc_column_container col child_column no-extra-padding inherit_tablet inherit_phone\"   data-t-w-inherits=\"default\" data-bg-cover=\"\" data-padding-pos=\"all\" data-has-bg-color=\"false\" data-bg-color=\"\" data-bg-opacity=\"1\" data-hover-bg=\"\" data-hover-bg-opacity=\"1\" data-animation=\"\" data-delay=\"0\">\n\t\t<div class=\"vc_column-inner\" ><div class=\"column-bg-overlay-wrap\" data-bg-animation=\"none\"><div class=\"column-bg-overlay\"><\/div><\/div>\n\t\t<div class=\"wpb_wrapper\">\n\t\t\t\r\n<div class=\"wpb_text_column wpb_content_element\" >\r\n\t<div class=\"wpb_wrapper\">\r\n\t\t<p><span style=\"color: #ffffff;\">Looking through the macro lens at the structure of Thin ground section 18 reveals the three-dimensional orientation of the muscovite platelets, as well as a specifically floating light phenomenon in which the reflected light of depth corresponds with crystalline refractions of the upper mica layers.<\/span><\/p>\n\t<\/div>\r\n<\/div>\r\n\r\n\r\n\r\n\n\t\t<\/div> \n\t<\/div>\n\t<\/div> \n<\/div><\/div><div class=\"divider-wrap\" data-alignment=\"default\"><div style=\"height: 75px;\" class=\"divider\"><\/div><\/div>\n\t<div class=\"wpb_gallery wpb_content_element clearfix\">\n\t\t<div class=\"wpb_wrapper\"><div class=\"wpb_gallery_slides wpb_flexslider flex-gallery flexslider\" data-onclick=\"link_image\" data-interval=\"5\" data-flex_fx=\"fade\"><ul class=\"slides\"><li><a href=\"https:\/\/uwejonas.de\/wp-content\/uploads\/2022\/02\/Nummer-2-scaled.jpg\"><img loading=\"lazy\" decoding=\"async\" class=\"skip-lazy\" src=\"https:\/\/uwejonas.de\/wp-content\/uploads\/2022\/02\/Nummer-2-scaled.jpg\" width=\"2560\" height=\"1371\" alt=\"Nummer 2\" title=\"Nummer 2\" \/><\/a><\/li><li><a href=\"https:\/\/uwejonas.de\/wp-content\/uploads\/2022\/02\/Nummer-3-scaled.jpg\"><img loading=\"lazy\" decoding=\"async\" class=\"skip-lazy\" src=\"https:\/\/uwejonas.de\/wp-content\/uploads\/2022\/02\/Nummer-3-scaled.jpg\" width=\"2560\" height=\"1371\" alt=\"Nummer 3\" title=\"Nummer 3\" \/><\/a><\/li><li><a href=\"https:\/\/uwejonas.de\/wp-content\/uploads\/2022\/02\/Nummer-4-scaled.jpg\"><img loading=\"lazy\" decoding=\"async\" class=\"skip-lazy\" src=\"https:\/\/uwejonas.de\/wp-content\/uploads\/2022\/02\/Nummer-4-scaled.jpg\" width=\"2560\" height=\"1371\" alt=\"Nummer 4\" title=\"Nummer 4\" \/><\/a><\/li><li><a href=\"https:\/\/uwejonas.de\/wp-content\/uploads\/2022\/02\/Nummer-5-scaled.jpg\"><img loading=\"lazy\" decoding=\"async\" class=\"skip-lazy\" src=\"https:\/\/uwejonas.de\/wp-content\/uploads\/2022\/02\/Nummer-5-scaled.jpg\" width=\"2560\" height=\"1371\" alt=\"Nummer 5\" title=\"Nummer 5\" \/><\/a><\/li><li><a href=\"https:\/\/uwejonas.de\/wp-content\/uploads\/2022\/02\/Nummer-6-scaled.jpg\"><img loading=\"lazy\" decoding=\"async\" class=\"skip-lazy\" src=\"https:\/\/uwejonas.de\/wp-content\/uploads\/2022\/02\/Nummer-6-scaled.jpg\" width=\"2560\" height=\"1371\" alt=\"Nummer 6\" title=\"Nummer 6\" \/><\/a><\/li><li><a href=\"https:\/\/uwejonas.de\/wp-content\/uploads\/2022\/02\/Nummer-7-scaled.jpg\"><img loading=\"lazy\" decoding=\"async\" class=\"skip-lazy\" src=\"https:\/\/uwejonas.de\/wp-content\/uploads\/2022\/02\/Nummer-7-scaled.jpg\" width=\"2560\" height=\"1371\" alt=\"Nummer 7\" title=\"Nummer 7\" \/><\/a><\/li><li><a href=\"https:\/\/uwejonas.de\/wp-content\/uploads\/2022\/02\/Nummer-8-scaled.jpg\"><img loading=\"lazy\" decoding=\"async\" class=\"skip-lazy\" src=\"https:\/\/uwejonas.de\/wp-content\/uploads\/2022\/02\/Nummer-8-scaled.jpg\" width=\"2560\" height=\"1371\" alt=\"Nummer 8\" title=\"Nummer 8\" \/><\/a><\/li><li><a href=\"https:\/\/uwejonas.de\/wp-content\/uploads\/2022\/02\/Nummer-9-scaled.jpg\"><img loading=\"lazy\" decoding=\"async\" class=\"skip-lazy\" src=\"https:\/\/uwejonas.de\/wp-content\/uploads\/2022\/02\/Nummer-9-scaled.jpg\" width=\"2560\" height=\"1371\" alt=\"Nummer 9\" title=\"Nummer 9\" \/><\/a><\/li><li><a href=\"https:\/\/uwejonas.de\/wp-content\/uploads\/2022\/02\/Nummer-10-scaled.jpg\"><img loading=\"lazy\" decoding=\"async\" class=\"skip-lazy\" src=\"https:\/\/uwejonas.de\/wp-content\/uploads\/2022\/02\/Nummer-10-scaled.jpg\" width=\"2560\" height=\"1371\" alt=\"Nummer 10\" title=\"Nummer 10\" \/><\/a><\/li><li><a href=\"https:\/\/uwejonas.de\/wp-content\/uploads\/2022\/02\/Nummer-11-scaled.jpg\"><img loading=\"lazy\" decoding=\"async\" class=\"skip-lazy\" src=\"https:\/\/uwejonas.de\/wp-content\/uploads\/2022\/02\/Nummer-11-scaled.jpg\" width=\"2560\" height=\"1371\" alt=\"Nummer 11\" title=\"Nummer 11\" \/><\/a><\/li><li><a href=\"https:\/\/uwejonas.de\/wp-content\/uploads\/2022\/02\/Nummer-12-scaled.jpg\"><img loading=\"lazy\" decoding=\"async\" class=\"skip-lazy\" src=\"https:\/\/uwejonas.de\/wp-content\/uploads\/2022\/02\/Nummer-12-scaled.jpg\" width=\"2560\" height=\"1371\" alt=\"Nummer 12\" title=\"Nummer 12\" \/><\/a><\/li><li><a href=\"https:\/\/uwejonas.de\/wp-content\/uploads\/2022\/02\/Nummer-13-scaled.jpg\"><img loading=\"lazy\" decoding=\"async\" class=\"skip-lazy\" src=\"https:\/\/uwejonas.de\/wp-content\/uploads\/2022\/02\/Nummer-13-scaled.jpg\" width=\"2560\" height=\"1371\" alt=\"Nummer 13\" title=\"Nummer 13\" \/><\/a><\/li><li><a href=\"https:\/\/uwejonas.de\/wp-content\/uploads\/2022\/02\/Nummer-14-scaled.jpg\"><img loading=\"lazy\" decoding=\"async\" class=\"skip-lazy\" src=\"https:\/\/uwejonas.de\/wp-content\/uploads\/2022\/02\/Nummer-14-scaled.jpg\" width=\"2560\" height=\"1371\" alt=\"Nummer 14\" title=\"Nummer 14\" \/><\/a><\/li><\/ul><\/div>\n\t\t<\/div> \n\t<\/div> <div class=\"divider-wrap\" data-alignment=\"default\"><div style=\"height: 75px;\" class=\"divider\"><\/div><\/div><a class=\"nectar-button large see-through extra-color-1 wpb_animate_when_almost_visible wpb_fadeIn fadeIn\"  style=\"border-color: #adadad; color: #adadad;\"  href=\"https:\/\/uwejonas.de\/en\/duennschliff\/\" data-color-override=\"#adadad\" data-hover-color-override=\"false\" data-hover-text-color-override=\"#fff\"><span>Back to Thin ground sections<\/span><\/a><div class=\"divider-wrap\" data-alignment=\"default\"><div style=\"height: 50px;\" class=\"divider\"><\/div><\/div>\n\t\t\t<\/div> \n\t\t<\/div>\n\t<\/div> \n<\/div><\/div>","protected":false},"excerpt":{"rendered":"Der D\u00fcnnschliff Nummer 18 und seine farbigen Topografien Der Blick mit dem Makroobjektiv in das Innere der Komposition von D\u00fcnnschliff 18 f\u00fchrt in die Mikrostruktur der Steinoberfl\u00e4che. Dabei ist die...","protected":false},"author":1,"featured_media":0,"parent":0,"menu_order":0,"comment_status":"closed","ping_status":"closed","template":"","meta":{"footnotes":""},"class_list":["post-2852","page","type-page","status-publish"],"_links":{"self":[{"href":"https:\/\/uwejonas.de\/en\/wp-json\/wp\/v2\/pages\/2852","targetHints":{"allow":["GET"]}}],"collection":[{"href":"https:\/\/uwejonas.de\/en\/wp-json\/wp\/v2\/pages"}],"about":[{"href":"https:\/\/uwejonas.de\/en\/wp-json\/wp\/v2\/types\/page"}],"author":[{"embeddable":true,"href":"https:\/\/uwejonas.de\/en\/wp-json\/wp\/v2\/users\/1"}],"replies":[{"embeddable":true,"href":"https:\/\/uwejonas.de\/en\/wp-json\/wp\/v2\/comments?post=2852"}],"version-history":[{"count":75,"href":"https:\/\/uwejonas.de\/en\/wp-json\/wp\/v2\/pages\/2852\/revisions"}],"predecessor-version":[{"id":3876,"href":"https:\/\/uwejonas.de\/en\/wp-json\/wp\/v2\/pages\/2852\/revisions\/3876"}],"wp:attachment":[{"href":"https:\/\/uwejonas.de\/en\/wp-json\/wp\/v2\/media?parent=2852"}],"curies":[{"name":"wp","href":"https:\/\/api.w.org\/{rel}","templated":true}]}}