{"id":4255,"date":"2023-05-01T16:34:17","date_gmt":"2023-05-01T14:34:17","guid":{"rendered":"https:\/\/uwejonas.de\/?page_id=4255"},"modified":"2023-05-01T22:01:57","modified_gmt":"2023-05-01T20:01:57","slug":"4-ausstellungsorte","status":"publish","type":"page","link":"https:\/\/uwejonas.de\/en\/4-ausstellungsorte\/","title":{"rendered":"4 Ausstellungsorte"},"content":{"rendered":"<div id=\"fws_69d45fff37b9b\"  data-column-margin=\"default\" data-midnight=\"dark\"  class=\"wpb_row vc_row-fluid vc_row standard_section\"  style=\"padding-top: 0px; padding-bottom: 0px; \"><div class=\"row-bg-wrap\" data-bg-animation=\"none\" data-bg-overlay=\"false\"><div class=\"inner-wrap\"><div class=\"row-bg\"  style=\"\"><\/div><\/div><div class=\"row-bg-overlay\" ><\/div><\/div><div class=\"row_col_wrap_12 col span_12 dark left\">\n\t<div  class=\"vc_col-sm-12 wpb_column column_container vc_column_container col no-extra-padding inherit_tablet inherit_phone\"  data-t-w-inherits=\"default\" data-bg-cover=\"\" data-padding-pos=\"all\" data-has-bg-color=\"false\" data-bg-color=\"\" data-bg-opacity=\"1\" data-hover-bg=\"\" data-hover-bg-opacity=\"1\" data-animation=\"\" data-delay=\"0\" >\n\t\t<div class=\"vc_column-inner\" ><div class=\"column-bg-overlay-wrap\" data-bg-animation=\"none\"><div class=\"column-bg-overlay\"><\/div><\/div>\n\t\t\t<div class=\"wpb_wrapper\">\n\t\t\t\t<div class=\"divider-wrap\" data-alignment=\"default\"><div style=\"height: 15px;\" class=\"divider\"><\/div><\/div>\r\n<div class=\"wpb_text_column wpb_content_element\" >\r\n\t<div class=\"wpb_wrapper\">\r\n\t\t<p><span style=\"color: #333333; font-family: helvetica; font-size: 14pt;\">Displays<br \/>\n<\/span><\/p>\n\t<\/div>\r\n<\/div>\r\n\r\n\r\n\r\n<div class=\"divider-wrap\" data-alignment=\"default\"><div style=\"height: 50px;\" class=\"divider\"><\/div><\/div>\n\t\t\t<\/div> \n\t\t<\/div>\n\t<\/div> \n<\/div><\/div>\n\t\t<div id=\"fws_69d45fff380ad\"  data-column-margin=\"20px\" data-midnight=\"dark\"  class=\"wpb_row vc_row-fluid vc_row  vc_row-o-equal-height vc_row-flex  vc_row-o-content-middle standard_section  right_padding_0px left_padding_0px\"  style=\"padding-top: 0px; padding-bottom: 0px; \"><div class=\"row-bg-wrap\" data-bg-animation=\"none\" data-bg-overlay=\"false\"><div class=\"inner-wrap\"><div class=\"row-bg using-bg-color\"  style=\"background-color: #ffffff; \"><\/div><\/div><div class=\"row-bg-overlay\" ><\/div><\/div><div class=\"row_col_wrap_12 col span_12 dark left\">\n\t<div  class=\"vc_col-sm-3 wpb_column column_container vc_column_container col padding-1-percent right_margin_0px left_margin_0px inherit_tablet inherit_phone\"  data-t-w-inherits=\"default\" data-bg-cover=\"\" data-padding-pos=\"all\" data-has-bg-color=\"false\" data-bg-color=\"\" data-bg-opacity=\"1\" data-hover-bg=\"\" data-hover-bg-opacity=\"1\" data-animation=\"\" data-delay=\"0\" >\n\t\t<div class=\"vc_column-inner\" ><div class=\"column-bg-overlay-wrap\" data-bg-animation=\"none\"><div class=\"column-bg-overlay\"><\/div><\/div>\n\t\t\t<div class=\"wpb_wrapper\">\n\t\t\t\t<div class=\"divider-wrap\" data-alignment=\"default\"><div style=\"height: 30px;\" class=\"divider\"><\/div><\/div><div class=\"img-with-aniamtion-wrap center\" data-max-width=\"100%\" data-max-width-mobile=\"default\" data-border-radius=\"3px\" data-shadow=\"small_depth\" data-animation=\"fade-in\" >\r\n      <div class=\"inner\">\r\n        <div class=\"hover-wrap\" data-hover-animation=\"zoom\"> \r\n          <div class=\"hover-wrap-inner\">\r\n            <a href=\"https:\/\/uwejonas.de\/en\/kuenstlerhausbruck\/\" target=\"_self\" class=\"center\">\r\n              <img loading=\"lazy\" decoding=\"async\" class=\"img-with-animation skip-lazy\" data-delay=\"150\" height=\"1680\" width=\"1680\" data-animation=\"fade-in\" src=\"https:\/\/uwejonas.de\/wp-content\/uploads\/2022\/02\/startbild-ffb.jpg\" alt=\"\" srcset=\"https:\/\/uwejonas.de\/wp-content\/uploads\/2022\/02\/startbild-ffb.jpg 1680w, https:\/\/uwejonas.de\/wp-content\/uploads\/2022\/02\/startbild-ffb-300x300.jpg 300w, https:\/\/uwejonas.de\/wp-content\/uploads\/2022\/02\/startbild-ffb-1024x1024.jpg 1024w, https:\/\/uwejonas.de\/wp-content\/uploads\/2022\/02\/startbild-ffb-150x150.jpg 150w, https:\/\/uwejonas.de\/wp-content\/uploads\/2022\/02\/startbild-ffb-768x768.jpg 768w, https:\/\/uwejonas.de\/wp-content\/uploads\/2022\/02\/startbild-ffb-1536x1536.jpg 1536w, https:\/\/uwejonas.de\/wp-content\/uploads\/2022\/02\/startbild-ffb-12x12.jpg 12w, https:\/\/uwejonas.de\/wp-content\/uploads\/2022\/02\/startbild-ffb-100x100.jpg 100w, https:\/\/uwejonas.de\/wp-content\/uploads\/2022\/02\/startbild-ffb-140x140.jpg 140w, https:\/\/uwejonas.de\/wp-content\/uploads\/2022\/02\/startbild-ffb-500x500.jpg 500w, https:\/\/uwejonas.de\/wp-content\/uploads\/2022\/02\/startbild-ffb-350x350.jpg 350w, https:\/\/uwejonas.de\/wp-content\/uploads\/2022\/02\/startbild-ffb-1000x1000.jpg 1000w, https:\/\/uwejonas.de\/wp-content\/uploads\/2022\/02\/startbild-ffb-800x800.jpg 800w\" sizes=\"auto, (min-width: 1450px) 75vw, (min-width: 1000px) 85vw, 100vw\" \/>\r\n            <\/a>\r\n          <\/div>\r\n        <\/div>\r\n      <\/div>\r\n      <\/div><div class=\"divider-wrap\" data-alignment=\"default\"><div style=\"height: 10px;\" class=\"divider\"><\/div><\/div>\r\n<div class=\"wpb_text_column wpb_content_element\" >\r\n\t<div class=\"wpb_wrapper\">\r\n\t\t<p style=\"text-align: center;\"><a href=\"https:\/\/uwejonas.de\/en\/kuenstlerhausbruck\/\"><span style=\"color: #808080; font-size: 10pt;\"><span style=\"font-size: 12pt;\"><span style=\"color: #333333;\"><span style=\"font-family: helvetica;\">Artists workshop house 10<\/span><\/span><\/span><br \/>\n<span style=\"font-size: 12pt; color: #333333; font-family: helvetica;\">F\u00fcrstenfeldbruck<\/span><\/span><\/a><\/p>\n\t<\/div>\r\n<\/div>\r\n\r\n\r\n\r\n<div class=\"divider-wrap\" data-alignment=\"default\"><div style=\"height: 20px;\" class=\"divider\"><\/div><\/div><div class=\"divider-wrap\" data-alignment=\"default\"><div style=\"height: 20px;\" class=\"divider\"><\/div><\/div>\n\t\t\t<\/div> \n\t\t<\/div>\n\t<\/div> \n\n\t<div  class=\"vc_col-sm-3 wpb_column column_container vc_column_container col padding-1-percent inherit_tablet inherit_phone\"  data-t-w-inherits=\"default\" data-bg-cover=\"\" data-padding-pos=\"all\" data-has-bg-color=\"false\" data-bg-color=\"\" data-bg-opacity=\"1\" data-hover-bg=\"\" data-hover-bg-opacity=\"1\" data-animation=\"\" data-delay=\"0\" >\n\t\t<div class=\"vc_column-inner\" ><div class=\"column-bg-overlay-wrap\" data-bg-animation=\"none\"><div class=\"column-bg-overlay\"><\/div><\/div>\n\t\t\t<div class=\"wpb_wrapper\">\n\t\t\t\t<div class=\"divider-wrap\" data-alignment=\"default\"><div style=\"height: 30px;\" class=\"divider\"><\/div><\/div><div class=\"divider-wrap\" data-alignment=\"default\"><div style=\"height: 30px;\" class=\"divider\"><\/div><\/div><div class=\"img-with-aniamtion-wrap\" data-max-width=\"100%\" data-max-width-mobile=\"default\" data-border-radius=\"3px\" data-shadow=\"none\" data-animation=\"fade-in\" >\r\n      <div class=\"inner\">\r\n        <div class=\"hover-wrap\" data-hover-animation=\"none\"> \r\n          <div class=\"hover-wrap-inner\">\r\n            <a href=\"https:\/\/uwejonas.de\/en\/georg-meistermann-museum-wittlich\/\" target=\"_self\" class=\"\">\r\n              <img loading=\"lazy\" decoding=\"async\" class=\"img-with-animation skip-lazy\" data-delay=\"0\" height=\"1680\" width=\"1680\" data-animation=\"fade-in\" src=\"https:\/\/uwejonas.de\/wp-content\/uploads\/2023\/05\/2.jpg\" alt=\"\" srcset=\"https:\/\/uwejonas.de\/wp-content\/uploads\/2023\/05\/2.jpg 1680w, https:\/\/uwejonas.de\/wp-content\/uploads\/2023\/05\/2-300x300.jpg 300w, https:\/\/uwejonas.de\/wp-content\/uploads\/2023\/05\/2-1024x1024.jpg 1024w, https:\/\/uwejonas.de\/wp-content\/uploads\/2023\/05\/2-150x150.jpg 150w, https:\/\/uwejonas.de\/wp-content\/uploads\/2023\/05\/2-768x768.jpg 768w, https:\/\/uwejonas.de\/wp-content\/uploads\/2023\/05\/2-1536x1536.jpg 1536w, https:\/\/uwejonas.de\/wp-content\/uploads\/2023\/05\/2-12x12.jpg 12w, https:\/\/uwejonas.de\/wp-content\/uploads\/2023\/05\/2-100x100.jpg 100w, https:\/\/uwejonas.de\/wp-content\/uploads\/2023\/05\/2-140x140.jpg 140w, https:\/\/uwejonas.de\/wp-content\/uploads\/2023\/05\/2-500x500.jpg 500w, https:\/\/uwejonas.de\/wp-content\/uploads\/2023\/05\/2-350x350.jpg 350w, https:\/\/uwejonas.de\/wp-content\/uploads\/2023\/05\/2-1000x1000.jpg 1000w, https:\/\/uwejonas.de\/wp-content\/uploads\/2023\/05\/2-800x800.jpg 800w\" sizes=\"auto, (min-width: 1450px) 75vw, (min-width: 1000px) 85vw, 100vw\" \/>\r\n            <\/a>\r\n          <\/div>\r\n        <\/div>\r\n      <\/div>\r\n      <\/div><div class=\"divider-wrap\" data-alignment=\"default\"><div style=\"height: 10px;\" class=\"divider\"><\/div><\/div>\r\n<div class=\"wpb_text_column wpb_content_element\" >\r\n\t<div class=\"wpb_wrapper\">\r\n\t\t<p style=\"text-align: center;\"><a href=\"https:\/\/uwejonas.de\/en\/georg-meistermann-museum-wittlich\/\"><span style=\"color: #808080; font-size: 10pt; font-family: helvetica;\"><span style=\"font-size: 12pt;\"><span style=\"color: #333333;\">Georg-Meistermann-Museum<\/span><\/span><\/span><span style=\"color: #808080; font-size: 10pt; font-family: helvetica;\"><br \/>\n<span style=\"font-size: 12pt; color: #333333;\">Wittlich<\/span><\/span><\/a><\/p>\n<p>&nbsp;<\/p>\n\t<\/div>\r\n<\/div>\r\n\r\n\r\n\r\n<div class=\"divider-wrap\" data-alignment=\"default\"><div style=\"height: 5px;\" class=\"divider\"><\/div><\/div>\n\t\t\t<\/div> \n\t\t<\/div>\n\t<\/div> \n\n\t<div  class=\"vc_col-sm-3 wpb_column column_container vc_column_container col padding-1-percent right_margin_0px left_margin_0px inherit_tablet inherit_phone\"  data-t-w-inherits=\"default\" data-bg-cover=\"\" data-padding-pos=\"all\" data-has-bg-color=\"false\" data-bg-color=\"\" data-bg-opacity=\"1\" data-hover-bg=\"\" data-hover-bg-opacity=\"1\" data-animation=\"\" data-delay=\"0\" >\n\t\t<div class=\"vc_column-inner\" ><div class=\"column-bg-overlay-wrap\" data-bg-animation=\"none\"><div class=\"column-bg-overlay\"><\/div><\/div>\n\t\t\t<div class=\"wpb_wrapper\">\n\t\t\t\t<div class=\"divider-wrap\" data-alignment=\"default\"><div style=\"height: 25px;\" class=\"divider\"><\/div><\/div><div class=\"img-with-aniamtion-wrap center\" data-max-width=\"100%\" data-max-width-mobile=\"default\" data-border-radius=\"3px\" data-shadow=\"small_depth\" data-animation=\"fade-in\" >\r\n      <div class=\"inner\">\r\n        <div class=\"hover-wrap\" data-hover-animation=\"zoom\"> \r\n          <div class=\"hover-wrap-inner\">\r\n            <a href=\"https:\/\/uwejonas.de\/en\/muellerpetzinna2011\/\" target=\"_self\" class=\"center\">\r\n              <img loading=\"lazy\" decoding=\"async\" class=\"img-with-animation skip-lazy\" data-delay=\"150\" height=\"1680\" width=\"1680\" data-animation=\"fade-in\" src=\"https:\/\/uwejonas.de\/wp-content\/uploads\/2022\/02\/start-m.u.p.g.jpg\" alt=\"\" srcset=\"https:\/\/uwejonas.de\/wp-content\/uploads\/2022\/02\/start-m.u.p.g.jpg 1680w, https:\/\/uwejonas.de\/wp-content\/uploads\/2022\/02\/start-m.u.p.g-300x300.jpg 300w, https:\/\/uwejonas.de\/wp-content\/uploads\/2022\/02\/start-m.u.p.g-1024x1024.jpg 1024w, https:\/\/uwejonas.de\/wp-content\/uploads\/2022\/02\/start-m.u.p.g-150x150.jpg 150w, https:\/\/uwejonas.de\/wp-content\/uploads\/2022\/02\/start-m.u.p.g-768x768.jpg 768w, https:\/\/uwejonas.de\/wp-content\/uploads\/2022\/02\/start-m.u.p.g-1536x1536.jpg 1536w, https:\/\/uwejonas.de\/wp-content\/uploads\/2022\/02\/start-m.u.p.g-12x12.jpg 12w, https:\/\/uwejonas.de\/wp-content\/uploads\/2022\/02\/start-m.u.p.g-100x100.jpg 100w, https:\/\/uwejonas.de\/wp-content\/uploads\/2022\/02\/start-m.u.p.g-140x140.jpg 140w, https:\/\/uwejonas.de\/wp-content\/uploads\/2022\/02\/start-m.u.p.g-500x500.jpg 500w, https:\/\/uwejonas.de\/wp-content\/uploads\/2022\/02\/start-m.u.p.g-350x350.jpg 350w, https:\/\/uwejonas.de\/wp-content\/uploads\/2022\/02\/start-m.u.p.g-1000x1000.jpg 1000w, https:\/\/uwejonas.de\/wp-content\/uploads\/2022\/02\/start-m.u.p.g-800x800.jpg 800w\" sizes=\"auto, (min-width: 1450px) 75vw, (min-width: 1000px) 85vw, 100vw\" \/>\r\n            <\/a>\r\n          <\/div>\r\n        <\/div>\r\n      <\/div>\r\n      <\/div><div class=\"divider-wrap\" data-alignment=\"default\"><div style=\"height: 10px;\" class=\"divider\"><\/div><\/div>\r\n<div class=\"wpb_text_column wpb_content_element\" >\r\n\t<div class=\"wpb_wrapper\">\r\n\t\t<p style=\"text-align: center;\"><span style=\"font-family: helvetica; color: #808080; font-size: 12pt;\"><a href=\"https:\/\/uwejonas.de\/en\/muellerpetzinna2011\/\"><span style=\"color: #808080;\"><span style=\"color: #333333;\">M\u00fcller &amp; Petzinna Gallery<\/span><\/span><\/a> <\/span><\/p>\n\t<\/div>\r\n<\/div>\r\n\r\n\r\n\r\n<div class=\"divider-wrap\" data-alignment=\"default\"><div style=\"height: 10px;\" class=\"divider\"><\/div><\/div><div class=\"divider-wrap\" data-alignment=\"default\"><div style=\"height: 20px;\" class=\"divider\"><\/div><\/div><div class=\"divider-wrap\" data-alignment=\"default\"><div style=\"height: 20px;\" class=\"divider\"><\/div><\/div>\n\t\t\t<\/div> \n\t\t<\/div>\n\t<\/div> \n\n\t<div  class=\"vc_col-sm-3 wpb_column column_container vc_column_container col padding-1-percent right_margin_0px left_margin_0px inherit_tablet inherit_phone\"  data-t-w-inherits=\"default\" data-bg-cover=\"\" data-padding-pos=\"all\" data-has-bg-color=\"false\" data-bg-color=\"\" data-bg-opacity=\"1\" data-hover-bg=\"\" data-hover-bg-opacity=\"1\" data-animation=\"\" data-delay=\"0\" >\n\t\t<div class=\"vc_column-inner\" ><div class=\"column-bg-overlay-wrap\" data-bg-animation=\"none\"><div class=\"column-bg-overlay\"><\/div><\/div>\n\t\t\t<div class=\"wpb_wrapper\">\n\t\t\t\t<div class=\"divider-wrap\" data-alignment=\"default\"><div style=\"height: 25px;\" class=\"divider\"><\/div><\/div><div class=\"img-with-aniamtion-wrap center\" data-max-width=\"100%\" data-max-width-mobile=\"default\" data-border-radius=\"3px\" data-shadow=\"small_depth\" data-animation=\"fade-in\" >\r\n      <div class=\"inner\">\r\n        <div class=\"hover-wrap\" data-hover-animation=\"zoom\"> \r\n          <div class=\"hover-wrap-inner\">\r\n            <a href=\"https:\/\/uwejonas.de\/en\/arsvitamuen\/\" target=\"_self\" class=\"center\">\r\n              <img loading=\"lazy\" decoding=\"async\" class=\"img-with-animation skip-lazy\" data-delay=\"150\" height=\"1680\" width=\"1680\" data-animation=\"fade-in\" src=\"https:\/\/uwejonas.de\/wp-content\/uploads\/2022\/02\/start.ars_.u.vita_.jpg\" alt=\"\" srcset=\"https:\/\/uwejonas.de\/wp-content\/uploads\/2022\/02\/start.ars_.u.vita_.jpg 1680w, https:\/\/uwejonas.de\/wp-content\/uploads\/2022\/02\/start.ars_.u.vita_-300x300.jpg 300w, https:\/\/uwejonas.de\/wp-content\/uploads\/2022\/02\/start.ars_.u.vita_-1024x1024.jpg 1024w, https:\/\/uwejonas.de\/wp-content\/uploads\/2022\/02\/start.ars_.u.vita_-150x150.jpg 150w, https:\/\/uwejonas.de\/wp-content\/uploads\/2022\/02\/start.ars_.u.vita_-768x768.jpg 768w, https:\/\/uwejonas.de\/wp-content\/uploads\/2022\/02\/start.ars_.u.vita_-1536x1536.jpg 1536w, https:\/\/uwejonas.de\/wp-content\/uploads\/2022\/02\/start.ars_.u.vita_-12x12.jpg 12w, https:\/\/uwejonas.de\/wp-content\/uploads\/2022\/02\/start.ars_.u.vita_-100x100.jpg 100w, https:\/\/uwejonas.de\/wp-content\/uploads\/2022\/02\/start.ars_.u.vita_-140x140.jpg 140w, https:\/\/uwejonas.de\/wp-content\/uploads\/2022\/02\/start.ars_.u.vita_-500x500.jpg 500w, https:\/\/uwejonas.de\/wp-content\/uploads\/2022\/02\/start.ars_.u.vita_-350x350.jpg 350w, https:\/\/uwejonas.de\/wp-content\/uploads\/2022\/02\/start.ars_.u.vita_-1000x1000.jpg 1000w, https:\/\/uwejonas.de\/wp-content\/uploads\/2022\/02\/start.ars_.u.vita_-800x800.jpg 800w\" sizes=\"auto, (min-width: 1450px) 75vw, (min-width: 1000px) 85vw, 100vw\" \/>\r\n            <\/a>\r\n          <\/div>\r\n        <\/div>\r\n      <\/div>\r\n      <\/div><div class=\"divider-wrap\" data-alignment=\"default\"><div style=\"height: 10px;\" class=\"divider\"><\/div><\/div>\r\n<div class=\"wpb_text_column wpb_content_element\" >\r\n\t<div class=\"wpb_wrapper\">\r\n\t\t<p style=\"text-align: center;\"><a href=\"https:\/\/uwejonas.de\/en\/arsvitamuen\/\"><span style=\"font-family: helvetica; color: #808080; font-size: 12pt;\"><span style=\"color: #333333;\">Ars und Vita, M\u00fcnchen<\/span><\/span><\/a><\/p>\n\t<\/div>\r\n<\/div>\r\n\r\n\r\n\r\n<div class=\"divider-wrap\" data-alignment=\"default\"><div style=\"height: 10px;\" class=\"divider\"><\/div><\/div><div class=\"divider-wrap\" data-alignment=\"default\"><div style=\"height: 20px;\" class=\"divider\"><\/div><\/div><div class=\"divider-wrap\" data-alignment=\"default\"><div style=\"height: 20px;\" class=\"divider\"><\/div><\/div>\n\t\t\t<\/div> \n\t\t<\/div>\n\t<\/div> \n<\/div><\/div>\n\t\t<div id=\"fws_69d45fff3ce8e\"  data-column-margin=\"default\" data-midnight=\"dark\"  class=\"wpb_row vc_row-fluid vc_row standard_section\"  style=\"padding-top: 0px; padding-bottom: 0px; \"><div class=\"row-bg-wrap\" data-bg-animation=\"none\" data-bg-overlay=\"false\"><div class=\"inner-wrap\"><div class=\"row-bg\"  style=\"\"><\/div><\/div><div class=\"row-bg-overlay\" ><\/div><\/div><div class=\"row_col_wrap_12 col span_12 dark left\">\n\t<div  class=\"vc_col-sm-12 wpb_column column_container vc_column_container col no-extra-padding inherit_tablet inherit_phone\"  data-t-w-inherits=\"default\" data-bg-cover=\"\" data-padding-pos=\"all\" data-has-bg-color=\"false\" data-bg-color=\"\" data-bg-opacity=\"1\" data-hover-bg=\"\" data-hover-bg-opacity=\"1\" data-animation=\"\" data-delay=\"0\" >\n\t\t<div class=\"vc_column-inner\" ><div class=\"column-bg-overlay-wrap\" data-bg-animation=\"none\"><div class=\"column-bg-overlay\"><\/div><\/div>\n\t\t\t<div class=\"wpb_wrapper\">\n\t\t\t\t<div class=\"divider-wrap\" data-alignment=\"default\"><div style=\"height: 20px;\" class=\"divider\"><\/div><\/div>\n\t\t\t<\/div> \n\t\t<\/div>\n\t<\/div> \n<\/div><\/div>\n\t\t<div id=\"fws_69d45fff3d303\"  data-column-margin=\"default\" data-midnight=\"dark\"  class=\"wpb_row vc_row-fluid vc_row standard_section\"  style=\"padding-top: 0px; padding-bottom: 0px; \"><div class=\"row-bg-wrap\" data-bg-animation=\"none\" data-bg-overlay=\"false\"><div class=\"inner-wrap\"><div class=\"row-bg\"  style=\"\"><\/div><\/div><div class=\"row-bg-overlay\" ><\/div><\/div><div class=\"row_col_wrap_12 col span_12 dark left\">\n\t<div  class=\"vc_col-sm-4 wpb_column column_container vc_column_container col no-extra-padding inherit_tablet inherit_phone\"  data-t-w-inherits=\"default\" data-bg-cover=\"\" data-padding-pos=\"all\" data-has-bg-color=\"false\" data-bg-color=\"\" data-bg-opacity=\"1\" data-hover-bg=\"\" data-hover-bg-opacity=\"1\" data-animation=\"\" data-delay=\"0\" >\n\t\t<div class=\"vc_column-inner\" ><div class=\"column-bg-overlay-wrap\" data-bg-animation=\"none\"><div class=\"column-bg-overlay\"><\/div><\/div>\n\t\t\t<div class=\"wpb_wrapper\">\n\t\t\t\t\n\t\t\t<\/div> \n\t\t<\/div>\n\t<\/div> \n\n\t<div  class=\"vc_col-sm-4 wpb_column column_container vc_column_container col centered-text no-extra-padding inherit_tablet inherit_phone\"  data-t-w-inherits=\"default\" data-bg-cover=\"\" data-padding-pos=\"all\" data-has-bg-color=\"false\" data-bg-color=\"\" data-bg-opacity=\"1\" data-hover-bg=\"\" data-hover-bg-opacity=\"1\" data-animation=\"\" data-delay=\"0\" >\n\t\t<div class=\"vc_column-inner\" ><div class=\"column-bg-overlay-wrap\" data-bg-animation=\"none\"><div class=\"column-bg-overlay\"><\/div><\/div>\n\t\t\t<div class=\"wpb_wrapper\">\n\t\t\t\t<div class=\"divider-wrap\" data-alignment=\"default\"><div style=\"height: 10px;\" class=\"divider\"><\/div><\/div><a class=\"nectar-button medium see-through extra-color-1 wpb_animate_when_almost_visible wpb_fadeIn fadeIn\"  style=\"\"  href=\"https:\/\/uwejonas.de\/en\/projekte\/\" data-color-override=\"false\" data-hover-color-override=\"false\" data-hover-text-color-override=\"#fff\"><span>Back to Projects<\/span><\/a>\n\t\t\t<\/div> \n\t\t<\/div>\n\t<\/div> \n\n\t<div  class=\"vc_col-sm-4 wpb_column column_container vc_column_container col no-extra-padding inherit_tablet inherit_phone\"  data-t-w-inherits=\"default\" data-bg-cover=\"\" data-padding-pos=\"all\" data-has-bg-color=\"false\" data-bg-color=\"\" data-bg-opacity=\"1\" data-hover-bg=\"\" data-hover-bg-opacity=\"1\" data-animation=\"\" data-delay=\"0\" >\n\t\t<div class=\"vc_column-inner\" ><div class=\"column-bg-overlay-wrap\" data-bg-animation=\"none\"><div class=\"column-bg-overlay\"><\/div><\/div>\n\t\t\t<div class=\"wpb_wrapper\">\n\t\t\t\t\n\t\t\t<\/div> \n\t\t<\/div>\n\t<\/div> \n<\/div><\/div>","protected":false},"excerpt":{"rendered":"Ausstellungen K\u00fcnstlerwerkstatt Haus 10 F\u00fcrstenfeldbruck Georg-Meistermann-Museum Wittlich &nbsp; Galeristen M\u00fcller &amp; Petzinna Ars und Vita, M\u00fcnchen Zur\u00fcck zu Projekte","protected":false},"author":1,"featured_media":0,"parent":0,"menu_order":0,"comment_status":"closed","ping_status":"closed","template":"","meta":{"footnotes":""},"class_list":["post-4255","page","type-page","status-publish"],"_links":{"self":[{"href":"https:\/\/uwejonas.de\/en\/wp-json\/wp\/v2\/pages\/4255","targetHints":{"allow":["GET"]}}],"collection":[{"href":"https:\/\/uwejonas.de\/en\/wp-json\/wp\/v2\/pages"}],"about":[{"href":"https:\/\/uwejonas.de\/en\/wp-json\/wp\/v2\/types\/page"}],"author":[{"embeddable":true,"href":"https:\/\/uwejonas.de\/en\/wp-json\/wp\/v2\/users\/1"}],"replies":[{"embeddable":true,"href":"https:\/\/uwejonas.de\/en\/wp-json\/wp\/v2\/comments?post=4255"}],"version-history":[{"count":19,"href":"https:\/\/uwejonas.de\/en\/wp-json\/wp\/v2\/pages\/4255\/revisions"}],"predecessor-version":[{"id":4349,"href":"https:\/\/uwejonas.de\/en\/wp-json\/wp\/v2\/pages\/4255\/revisions\/4349"}],"wp:attachment":[{"href":"https:\/\/uwejonas.de\/en\/wp-json\/wp\/v2\/media?parent=4255"}],"curies":[{"name":"wp","href":"https:\/\/api.w.org\/{rel}","templated":true}]}}